{"id":756,"date":"2018-10-30T15:32:50","date_gmt":"2018-10-30T13:32:50","guid":{"rendered":"http:\/\/www.jaanelken.com\/?page_id=756"},"modified":"2018-10-30T15:32:50","modified_gmt":"2018-10-30T13:32:50","slug":"2018-hluhluwe","status":"publish","type":"page","link":"https:\/\/www.jaanelken.com\/?page_id=756","title":{"rendered":"2018 Hluhluwe"},"content":{"rendered":"<p>9 X \u2013 10 XI 2018, Haus Gallery<\/p>\n<p>The focus of the exhibition is on perished \/ decayed forest. To gain new inspiration, the artist visited territories where forest, which was cultivated as a crop, grew on an area of hundreds and thousands of square kilometres. But the activator was another type of nature \u2013 far away from the world of stylists and navigators from artificial environment, Elken redefined his position as an author, which is now declared as solid lands and stone deserts.<\/p>\n<p>&#8220;<em>Whitish and indigo black large forests, destroyed by excess humidity, are at least as inspiring creative platforms as the fire-devoured ecological catastrophe epicentres, with their armies of charred cinders.\u00a0 I can get excited by a dried up, ragged piece of tree; the brutal life force of nature lives its afterlife in these forms before final destruction and fading. The connection with eternity, the presence of a physical substance as a \u201crecycled\u201d material could be surprisingly expressed by a sedimentary rock \u2013 I have seen Creole architecture, in which the fully \u201cabstract\u201d surface of the limestone wall blocks suddenly shows fossil \u201cfigurativeness\u201d and millions of years of history become visible in an omnipresent way!<\/em><\/p>\n<p><em>Being on the road has been my author\u2019s position as an artist for decades already, both in its literal and indirect meaning; in addition to straight pathways, I also appreciate the logic and rhythm expressed in complex urban structures; in addition to natural rock deserts, I also consider urban conglomerates as grand. As an artist who values the methods of abstract art most highly, I want to be the (re)creator of textures\/forms similar to natural forms \u2013 not an imitator. Freedom and independence of the artist\u2019s creations in today\u2019s world is of course simply illusory \u2013 we refer to and interpret existing art codes through the cultural memory in one way or another, even if, as individuals, we obtain existential depth from the archetypal collective subconsciousness and believe in the uniqueness of an artist\u2019s style<\/em>.&#8221;<\/p>\n<p>&nbsp;<\/p>\n<p class=\"jetpack-slideshow-noscript robots-nocontent\">This slideshow requires JavaScript.<\/p><div id=\"gallery-756-1-slideshow\" class=\"slideshow-window jetpack-slideshow slideshow-black\" data-trans=\"fade\" data-autostart=\"1\" data-gallery=\"[{&quot;src&quot;:&quot;https:\\\/\\\/i0.wp.com\\\/www.jaanelken.com\\\/wp-content\\\/uploads\\\/2018\\\/10\\\/DSE3283-t.jpg?fit=2000%2C1158\\u0026ssl=1&quot;,&quot;id&quot;:&quot;769&quot;,&quot;title&quot;:&quot;_DSE3283 t&quot;,&quot;alt&quot;:&quot;&quot;,&quot;caption&quot;:&quot;&quot;,&quot;itemprop&quot;:&quot;image&quot;},{&quot;src&quot;:&quot;https:\\\/\\\/i0.wp.com\\\/www.jaanelken.com\\\/wp-content\\\/uploads\\\/2018\\\/10\\\/DSE3169-t.jpg?fit=2000%2C1246\\u0026ssl=1&quot;,&quot;id&quot;:&quot;759&quot;,&quot;title&quot;:&quot;_DSE3169 t&quot;,&quot;alt&quot;:&quot;&quot;,&quot;caption&quot;:&quot;&quot;,&quot;itemprop&quot;:&quot;image&quot;},{&quot;src&quot;:&quot;https:\\\/\\\/i0.wp.com\\\/www.jaanelken.com\\\/wp-content\\\/uploads\\\/2018\\\/10\\\/DSE3196-t.jpg?fit=2000%2C1313\\u0026ssl=1&quot;,&quot;id&quot;:&quot;761&quot;,&quot;title&quot;:&quot;_DSE3196 t&quot;,&quot;alt&quot;:&quot;&quot;,&quot;caption&quot;:&quot;&quot;,&quot;itemprop&quot;:&quot;image&quot;},{&quot;src&quot;:&quot;https:\\\/\\\/i0.wp.com\\\/www.jaanelken.com\\\/wp-content\\\/uploads\\\/2018\\\/10\\\/DSE3205-t.jpg?fit=2000%2C1261\\u0026ssl=1&quot;,&quot;id&quot;:&quot;762&quot;,&quot;title&quot;:&quot;_DSE3205 t&quot;,&quot;alt&quot;:&quot;&quot;,&quot;caption&quot;:&quot;&quot;,&quot;itemprop&quot;:&quot;image&quot;},{&quot;src&quot;:&quot;https:\\\/\\\/i0.wp.com\\\/www.jaanelken.com\\\/wp-content\\\/uploads\\\/2018\\\/10\\\/DSE3220-t.jpg?fit=2000%2C1299\\u0026ssl=1&quot;,&quot;id&quot;:&quot;763&quot;,&quot;title&quot;:&quot;_DSE3220 t&quot;,&quot;alt&quot;:&quot;&quot;,&quot;caption&quot;:&quot;&quot;,&quot;itemprop&quot;:&quot;image&quot;},{&quot;src&quot;:&quot;https:\\\/\\\/i0.wp.com\\\/www.jaanelken.com\\\/wp-content\\\/uploads\\\/2018\\\/10\\\/DSE3226.jpg?fit=2000%2C1225\\u0026ssl=1&quot;,&quot;id&quot;:&quot;764&quot;,&quot;title&quot;:&quot;_DSE3226&quot;,&quot;alt&quot;:&quot;&quot;,&quot;caption&quot;:&quot;&quot;,&quot;itemprop&quot;:&quot;image&quot;},{&quot;src&quot;:&quot;https:\\\/\\\/i0.wp.com\\\/www.jaanelken.com\\\/wp-content\\\/uploads\\\/2018\\\/10\\\/DSE3295-t.jpg?fit=2000%2C1185\\u0026ssl=1&quot;,&quot;id&quot;:&quot;770&quot;,&quot;title&quot;:&quot;_DSE3295 t&quot;,&quot;alt&quot;:&quot;&quot;,&quot;caption&quot;:&quot;&quot;,&quot;itemprop&quot;:&quot;image&quot;},{&quot;src&quot;:&quot;https:\\\/\\\/i0.wp.com\\\/www.jaanelken.com\\\/wp-content\\\/uploads\\\/2018\\\/10\\\/DSE3246-t.jpg?fit=2000%2C1362\\u0026ssl=1&quot;,&quot;id&quot;:&quot;765&quot;,&quot;title&quot;:&quot;_DSE3246 t&quot;,&quot;alt&quot;:&quot;&quot;,&quot;caption&quot;:&quot;&quot;,&quot;itemprop&quot;:&quot;image&quot;},{&quot;src&quot;:&quot;https:\\\/\\\/i0.wp.com\\\/www.jaanelken.com\\\/wp-content\\\/uploads\\\/2018\\\/10\\\/DSE3264.jpg?fit=2000%2C1365\\u0026ssl=1&quot;,&quot;id&quot;:&quot;767&quot;,&quot;title&quot;:&quot;_DSE3264&quot;,&quot;alt&quot;:&quot;&quot;,&quot;caption&quot;:&quot;&quot;,&quot;itemprop&quot;:&quot;image&quot;},{&quot;src&quot;:&quot;https:\\\/\\\/i0.wp.com\\\/www.jaanelken.com\\\/wp-content\\\/uploads\\\/2018\\\/10\\\/DSE3167-t.jpg?fit=2000%2C1189\\u0026ssl=1&quot;,&quot;id&quot;:&quot;758&quot;,&quot;title&quot;:&quot;_DSE3167 t&quot;,&quot;alt&quot;:&quot;&quot;,&quot;caption&quot;:&quot;&quot;,&quot;itemprop&quot;:&quot;image&quot;},{&quot;src&quot;:&quot;https:\\\/\\\/i0.wp.com\\\/www.jaanelken.com\\\/wp-content\\\/uploads\\\/2018\\\/10\\\/DSE3247-t.jpg?fit=2000%2C1336\\u0026ssl=1&quot;,&quot;id&quot;:&quot;766&quot;,&quot;title&quot;:&quot;_DSE3247 t&quot;,&quot;alt&quot;:&quot;&quot;,&quot;caption&quot;:&quot;&quot;,&quot;itemprop&quot;:&quot;image&quot;}]\" itemscope itemtype=\"https:\/\/schema.org\/ImageGallery\"><\/div>\n<h4>List of paintings exhibited<\/h4>\n<p><strong>Somewhere over the rainbow, way up high |\u00a0<\/strong>akr\u00fc\u00fcl, kollaa\u017e, l\u00f5uend \/ acrylic, collage, canvas |\u00a0135 X 150 |\u00a02017\/2018<\/p>\n<p><strong>Somewhere over the rainbow |\u00a0<\/strong>akr\u00fc\u00fcl, kollaa\u017e, l\u00f5uend \/ acrylic, collage, canvas |\u00a0135 X 150 |\u00a02017\/2018<\/p>\n<p><strong>Hluhluwe II |\u00a0<\/strong>akr\u00fc\u00fcl, kollaa\u017e, l\u00f5uend \/ acrylic, collage, canvas |\u00a0135 X 150 |\u00a02018<\/p>\n<p><strong>Raagus s\u00f5nad \/ Bare words |\u00a0<\/strong>akr\u00fc\u00fcl, kollaa\u017e, l\u00f5uend \/ acrylic, collage, canvas |\u00a0135 X 150 |\u00a02018<\/p>\n<p><strong>Hluhluwe I |\u00a0<\/strong>akr\u00fc\u00fcl, l\u00f5uend \/ acrylic, canvas |135 X 150 | 2018<\/p>\n<p><strong>Lendab \u00fcle pimeduse \/ Flying over darkness |\u00a0<\/strong>akr\u00fc\u00fcl, kollaa\u017e, l\u00f5uend \/ acrylic, collage, canvas |\u00a0135 X 150 |\u00a02017<\/p>\n<p><strong>S\u00fcsi ja vikerkaar \/ charcoal and rainbow |\u00a0<\/strong>akr\u00fc\u00fcl, kollaa\u017e, l\u00f5uend \/ acrylic, collage, canvas |\u00a0135 x 150 |\u00a02018<\/p>\n<p><strong>Nevada testiala I \/ nevada test site I\u00a0|\u00a0<\/strong>akr\u00fc\u00fcl, kollaa\u017e, l\u00f5uend \/ acrylic, collage, canvas |\u00a0135 X 150 |\u00a02017\/2018<\/p>\n<p>&nbsp;<\/p>\n<p><em>The exhibition is supported by Cultural Endowment of Estonia.<\/em><\/p>\n","protected":false},"excerpt":{"rendered":"<p>9 X \u2013 10 XI 2018, Haus Gallery The focus of the exhibition is on perished \/ decayed forest. To gain new inspiration, the artist visited territories where forest, which was cultivated as a crop, grew on an area of hundreds and thousands of square kilometres. But the activator was another type of nature \u2013 &#8230; <a class=\"read-more\" href=\"https:\/\/www.jaanelken.com\/?page_id=756\">Read more&#8230;<\/a><\/p>\n","protected":false},"author":1,"featured_media":0,"parent":68,"menu_order":0,"comment_status":"closed","ping_status":"closed","template":"","meta":{"spay_email":"","footnotes":""},"class_list":["post-756","page","type-page","status-publish"],"jetpack_sharing_enabled":true,"jetpack_shortlink":"https:\/\/wp.me\/P5v8P2-cc","_links":{"self":[{"href":"https:\/\/www.jaanelken.com\/index.php?rest_route=\/wp\/v2\/pages\/756"}],"collection":[{"href":"https:\/\/www.jaanelken.com\/index.php?rest_route=\/wp\/v2\/pages"}],"about":[{"href":"https:\/\/www.jaanelken.com\/index.php?rest_route=\/wp\/v2\/types\/page"}],"author":[{"embeddable":true,"href":"https:\/\/www.jaanelken.com\/index.php?rest_route=\/wp\/v2\/users\/1"}],"replies":[{"embeddable":true,"href":"https:\/\/www.jaanelken.com\/index.php?rest_route=%2Fwp%2Fv2%2Fcomments&post=756"}],"version-history":[{"count":3,"href":"https:\/\/www.jaanelken.com\/index.php?rest_route=\/wp\/v2\/pages\/756\/revisions"}],"predecessor-version":[{"id":776,"href":"https:\/\/www.jaanelken.com\/index.php?rest_route=\/wp\/v2\/pages\/756\/revisions\/776"}],"up":[{"embeddable":true,"href":"https:\/\/www.jaanelken.com\/index.php?rest_route=\/wp\/v2\/pages\/68"}],"wp:attachment":[{"href":"https:\/\/www.jaanelken.com\/index.php?rest_route=%2Fwp%2Fv2%2Fmedia&parent=756"}],"curies":[{"name":"wp","href":"https:\/\/api.w.org\/{rel}","templated":true}]}}