{"id":678,"date":"2018-05-20T14:35:27","date_gmt":"2018-05-20T11:35:27","guid":{"rendered":"http:\/\/www.jaanelken.com\/?page_id=678"},"modified":"2018-07-16T14:21:20","modified_gmt":"2018-07-16T11:21:20","slug":"2018-flying-over-ii","status":"publish","type":"page","link":"https:\/\/www.jaanelken.com\/?page_id=678","title":{"rendered":"2018 Flying over II"},"content":{"rendered":"<p>5 &#8211; 29 VI 2018,\u00a0E.Vilde muuseum \/ Kastellaanimaja galerii<\/p>\n<p>With this exhibition, Jaan Elken conitnues his so-called &#8216;open landscape&#8217; series, a period that can be traced back to the exhibition\u00a0<a href=\"http:\/\/www.jaanelken.com\/?page_id=447\">&#8220;It has been written&#8221; (2012)<\/a>\u00a0in Tallinna Linnagalerii, as well as &#8220;<a href=\"http:\/\/www.jaanelken.com\/?page_id=423\">Strawberry fields<\/a>&#8221; (2013) and &#8220;It has been written II&#8221; (2017) in Vabaduse galerii. Elkens work here is a form of landscape archetypes,\u00a0sometimes autobiographical, sometimes representing a more universal experience. The white-gray rainbows reminiscent of something lost or yet to come, something the artist has described with the song lyrics &#8220;Somewhere over the rainbow skies are blue&#8230;&#8221;<\/p>\n<p>With these new paintings, Elken shows a firm handed purposefulness which is in dramatic contrast with his characteristic abstract expressionist brush work. As a result, the matter on the canvases has a structural and energetic character. The synthesis between Elkens own earlier hyperrealist period and the sense of space, and the stipulated abstract cityspaces places his new work in the context of art that draws its energy from urban cognition where inspiration is drawn from the fluidum of wastelands or city hearts filled with symbols.<\/p>\n<p><strong><a href=\"http:\/\/www.jaanelken.com\/wp-content\/uploads\/2018\/05\/Jaan-Elken-_Kastellanimaja-plakat.pdf\">Download the exhibition poster here (pdf)<\/a>.\u00a0<\/strong><\/p>\n<p class=\"jetpack-slideshow-noscript robots-nocontent\">This slideshow requires JavaScript.<\/p><div id=\"gallery-678-1-slideshow\" class=\"slideshow-window jetpack-slideshow slideshow-black\" data-trans=\"fade\" data-autostart=\"1\" data-gallery=\"[{&quot;src&quot;:&quot;https:\\\/\\\/i0.wp.com\\\/www.jaanelken.com\\\/wp-content\\\/uploads\\\/2018\\\/06\\\/DSC9943.jpg?fit=5200%2C3017\\u0026ssl=1&quot;,&quot;id&quot;:&quot;730&quot;,&quot;title&quot;:&quot;_DSC9943&quot;,&quot;alt&quot;:&quot;&quot;,&quot;caption&quot;:&quot;&quot;,&quot;itemprop&quot;:&quot;image&quot;},{&quot;src&quot;:&quot;https:\\\/\\\/i0.wp.com\\\/www.jaanelken.com\\\/wp-content\\\/uploads\\\/2018\\\/06\\\/DSC9874.jpg?fit=7360%2C4418\\u0026ssl=1&quot;,&quot;id&quot;:&quot;729&quot;,&quot;title&quot;:&quot;_DSC9874&quot;,&quot;alt&quot;:&quot;&quot;,&quot;caption&quot;:&quot;&quot;,&quot;itemprop&quot;:&quot;image&quot;},{&quot;src&quot;:&quot;https:\\\/\\\/i0.wp.com\\\/www.jaanelken.com\\\/wp-content\\\/uploads\\\/2018\\\/06\\\/DSC9973.jpg?fit=4000%2C2424\\u0026ssl=1&quot;,&quot;id&quot;:&quot;735&quot;,&quot;title&quot;:&quot;_DSC9973&quot;,&quot;alt&quot;:&quot;&quot;,&quot;caption&quot;:&quot;&quot;,&quot;itemprop&quot;:&quot;image&quot;},{&quot;src&quot;:&quot;https:\\\/\\\/i0.wp.com\\\/www.jaanelken.com\\\/wp-content\\\/uploads\\\/2018\\\/06\\\/DSC9064-OVERFLIGHT-II.-2018.-Acrylic-collage-canvas.-160-x-200-.jpg?fit=5200%2C4133\\u0026ssl=1&quot;,&quot;id&quot;:&quot;704&quot;,&quot;title&quot;:&quot;OVERFLIGHT II. 2018. Acrylic, collage, canvas. 160 x 200&quot;,&quot;alt&quot;:&quot;&quot;,&quot;caption&quot;:&quot;&quot;,&quot;itemprop&quot;:&quot;image&quot;},{&quot;src&quot;:&quot;https:\\\/\\\/i0.wp.com\\\/www.jaanelken.com\\\/wp-content\\\/uploads\\\/2018\\\/06\\\/DSC9998.jpg?fit=5200%2C3470\\u0026ssl=1&quot;,&quot;id&quot;:&quot;733&quot;,&quot;title&quot;:&quot;_DSC9998&quot;,&quot;alt&quot;:&quot;&quot;,&quot;caption&quot;:&quot;&quot;,&quot;itemprop&quot;:&quot;image&quot;},{&quot;src&quot;:&quot;https:\\\/\\\/i0.wp.com\\\/www.jaanelken.com\\\/wp-content\\\/uploads\\\/2018\\\/06\\\/NEVADA-TEST-SITE-I.-2017-2018.-Acrylic-collage-canvas.-135x150.jpg?fit=5200%2C4653\\u0026ssl=1&quot;,&quot;id&quot;:&quot;718&quot;,&quot;title&quot;:&quot;NEVADA TEST SITE I. 2017-2018. Acrylic, collage, canvas. 135\\u0026#215;150&quot;,&quot;alt&quot;:&quot;&quot;,&quot;caption&quot;:&quot;&quot;,&quot;itemprop&quot;:&quot;image&quot;},{&quot;src&quot;:&quot;https:\\\/\\\/i0.wp.com\\\/www.jaanelken.com\\\/wp-content\\\/uploads\\\/2018\\\/06\\\/DSC9992.jpg?fit=5200%2C3513\\u0026ssl=1&quot;,&quot;id&quot;:&quot;732&quot;,&quot;title&quot;:&quot;_DSC9992&quot;,&quot;alt&quot;:&quot;&quot;,&quot;caption&quot;:&quot;&quot;,&quot;itemprop&quot;:&quot;image&quot;},{&quot;src&quot;:&quot;https:\\\/\\\/i0.wp.com\\\/www.jaanelken.com\\\/wp-content\\\/uploads\\\/2018\\\/06\\\/DSC9126-WRITING-ON-THE-WALL-VII.-2016.-Acrylic-collage-canvas.-80-x-100.jpg?fit=5200%2C4103\\u0026ssl=1&quot;,&quot;id&quot;:&quot;714&quot;,&quot;title&quot;:&quot;WRITING ON THE WALL VII. 2016. Acrylic, collage, canvas. 80 x 100&quot;,&quot;alt&quot;:&quot;&quot;,&quot;caption&quot;:&quot;&quot;,&quot;itemprop&quot;:&quot;image&quot;},{&quot;src&quot;:&quot;https:\\\/\\\/i0.wp.com\\\/www.jaanelken.com\\\/wp-content\\\/uploads\\\/2018\\\/06\\\/DSC_9255.jpg?fit=3048%2C2032\\u0026ssl=1&quot;,&quot;id&quot;:&quot;734&quot;,&quot;title&quot;:&quot;DSC_9255&quot;,&quot;alt&quot;:&quot;&quot;,&quot;caption&quot;:&quot;&quot;,&quot;itemprop&quot;:&quot;image&quot;},{&quot;src&quot;:&quot;https:\\\/\\\/i0.wp.com\\\/www.jaanelken.com\\\/wp-content\\\/uploads\\\/2018\\\/06\\\/DSC9123-SF.-MISSION-STREET-I.-2018.-Acrylic-collage-canvas.-80-x-100-.jpg?fit=5200%2C4145\\u0026ssl=1&quot;,&quot;id&quot;:&quot;713&quot;,&quot;title&quot;:&quot;SF. MISSION STREET I. 2018. Acrylic, collage, canvas. 80 x 100&quot;,&quot;alt&quot;:&quot;&quot;,&quot;caption&quot;:&quot;&quot;,&quot;itemprop&quot;:&quot;image&quot;},{&quot;src&quot;:&quot;https:\\\/\\\/i0.wp.com\\\/www.jaanelken.com\\\/wp-content\\\/uploads\\\/2018\\\/06\\\/DSC9967.jpg?fit=5200%2C3355\\u0026ssl=1&quot;,&quot;id&quot;:&quot;731&quot;,&quot;title&quot;:&quot;_DSC9967&quot;,&quot;alt&quot;:&quot;&quot;,&quot;caption&quot;:&quot;&quot;,&quot;itemprop&quot;:&quot;image&quot;},{&quot;src&quot;:&quot;https:\\\/\\\/i0.wp.com\\\/www.jaanelken.com\\\/wp-content\\\/uploads\\\/2018\\\/05\\\/Jaan-Elkeni_avamise-flaier.jpg?fit=2048%2C1231\\u0026ssl=1&quot;,&quot;id&quot;:&quot;676&quot;,&quot;title&quot;:&quot;Jaan Elkeni_avamise flaier&quot;,&quot;alt&quot;:&quot;&quot;,&quot;caption&quot;:&quot;&quot;,&quot;itemprop&quot;:&quot;image&quot;}]\" itemscope itemtype=\"https:\/\/schema.org\/ImageGallery\"><\/div>\n<p>&nbsp;<\/p>\n<p>List of paintings exhibited:<\/p>\n<ul>\n<li><strong>Seinale kirjutatud VII \/ Writing on the wall VII<\/strong><br \/>\nakr\u00fc\u00fcl, kollaa\u017e, l\u00f5uend \/ acrylic, collage, canvas | 80 X 100 | 2016<\/li>\n<li><strong>Nevada testiala I \/ Nevada test site I\u00a0<\/strong><br \/>\nakr\u00fc\u00fcl, kollaa\u017e, l\u00f5uend \/ acrylic, collage, canvas | 135 X 150 | 2017\/2018<\/li>\n<li><strong>\u00dclelend II \/ Overflight II<\/strong><br \/>\nakr\u00fc\u00fcl, kollaa\u017e, l\u00f5uend \/ acrylic, collage, canvas | 160 X 200 \u00a0| 2018<\/li>\n<li><strong>SF Mission\u2019i t\u00e4nav I\/ SF. Mission Street I\u00a0<\/strong><br \/>\nakr\u00fc\u00fcl, kollaa\u017e, l\u00f5uend \/ acrylic, collage, canvas | 80 X 100 | 2018<\/li>\n<li><strong>SF Vikerkaar ja pilvel\u00f5hkuja \/ SF. skyscraper and rainbow<\/strong><br \/>\nakr\u00fc\u00fcl, kollaa\u017e, l\u00f5uend \/ acrylic, collage, canvas | 200 X 160 | 2018<\/li>\n<li><strong>Somewhere over the rainbow, way up high<\/strong><br \/>\nakr\u00fc\u00fcl, kollaa\u017e, l\u00f5uend \/ acrylic, collage, canvas | 135 X 150 | 2017\/2018<\/li>\n<li><strong>\u00d6ine metroo \/ Midnight subway<\/strong><br \/>\nakr\u00fc\u00fcl, l\u00f5uend \/ acrylic, canvas | 135 X 150 | 2017\/2018<\/li>\n<li><strong>If you are going to San Francisco<\/strong><br \/>\nakr\u00fc\u00fcl, kollaa\u017e, l\u00f5uend \/ acrylic, collage, canvas | 135 X 150 | 2018<\/li>\n<li><strong>Nimeta XIII \/ untitled XIII<\/strong><br \/>\nakr\u00fc\u00fcl, kollaa\u017e, l\u00f5uend \/ acrylic, collage, canvas | 80 X 100 | 2014\/2018<\/li>\n<li><strong>SF Mission\u2019i t\u00e4nav II\/ SF. Mission Street II\u00a0<\/strong><br \/>\nakr\u00fc\u00fcl, kollaa\u017e, l\u00f5uend \/ acrylic, collage, canvas | 80 X 100 | 2018<\/li>\n<li><strong>NYC. Brooklyni rooste \/ NYC. Brooklyn rust<\/strong><br \/>\nakr\u00fc\u00fcl, kollaa\u017e, l\u00f5uend \/ acrylic, collage, canvas | 97 X 130 | 2017\/2018<\/li>\n<li><strong>Seinale kirjutatud III\/ Writing on the wall III<\/strong><br \/>\nakr\u00fc\u00fcl, kollaa\u017e, l\u00f5uend \/ acrylic, collage, canvas | 135 X 150 | 2017\/2018<\/li>\n<li><strong>Valge linnamaastik \/ White townscape<\/strong><br \/>\nakr\u00fc\u00fcl, kollaa\u017e, l\u00f5uend \/ acrylic, collage, canvas | 135 X 150 | 2017\/2018<\/li>\n<li><strong>Seinale kirjutatud IV\/ Writing on the wall IV<\/strong><br \/>\nakr\u00fc\u00fcl, kollaa\u017e, l\u00f5uend \/ acrylic, collage, canvas | 135 X 150 | 2017\/2018<\/li>\n<\/ul>\n<p><em><strong>View high-resolution versions of the paintings <a href=\"http:\/\/www.jaanelken.com\/?page_id=689\">here<\/a>.<\/strong><\/em><\/p>\n","protected":false},"excerpt":{"rendered":"<p>5 &#8211; 29 VI 2018,\u00a0E.Vilde muuseum \/ Kastellaanimaja galerii With this exhibition, Jaan Elken conitnues his so-called &#8216;open landscape&#8217; series, a period that can be traced back to the exhibition\u00a0&#8220;It has been written&#8221; (2012)\u00a0in Tallinna Linnagalerii, as well as &#8220;Strawberry fields&#8221; (2013) and &#8220;It has been written II&#8221; (2017) in Vabaduse galerii. Elkens work here &#8230; <a class=\"read-more\" href=\"https:\/\/www.jaanelken.com\/?page_id=678\">Read more&#8230;<\/a><\/p>\n","protected":false},"author":1,"featured_media":0,"parent":68,"menu_order":0,"comment_status":"open","ping_status":"closed","template":"","meta":{"spay_email":"","footnotes":""},"class_list":["post-678","page","type-page","status-publish"],"jetpack_sharing_enabled":true,"jetpack_shortlink":"https:\/\/wp.me\/P5v8P2-aW","_links":{"self":[{"href":"https:\/\/www.jaanelken.com\/index.php?rest_route=\/wp\/v2\/pages\/678"}],"collection":[{"href":"https:\/\/www.jaanelken.com\/index.php?rest_route=\/wp\/v2\/pages"}],"about":[{"href":"https:\/\/www.jaanelken.com\/index.php?rest_route=\/wp\/v2\/types\/page"}],"author":[{"embeddable":true,"href":"https:\/\/www.jaanelken.com\/index.php?rest_route=\/wp\/v2\/users\/1"}],"replies":[{"embeddable":true,"href":"https:\/\/www.jaanelken.com\/index.php?rest_route=%2Fwp%2Fv2%2Fcomments&post=678"}],"version-history":[{"count":15,"href":"https:\/\/www.jaanelken.com\/index.php?rest_route=\/wp\/v2\/pages\/678\/revisions"}],"predecessor-version":[{"id":754,"href":"https:\/\/www.jaanelken.com\/index.php?rest_route=\/wp\/v2\/pages\/678\/revisions\/754"}],"up":[{"embeddable":true,"href":"https:\/\/www.jaanelken.com\/index.php?rest_route=\/wp\/v2\/pages\/68"}],"wp:attachment":[{"href":"https:\/\/www.jaanelken.com\/index.php?rest_route=%2Fwp%2Fv2%2Fmedia&parent=678"}],"curies":[{"name":"wp","href":"https:\/\/api.w.org\/{rel}","templated":true}]}}