{"id":1416,"date":"2024-10-12T00:30:30","date_gmt":"2024-10-11T21:30:30","guid":{"rendered":"http:\/\/www.jaanelken.com\/?page_id=1416"},"modified":"2024-10-12T01:02:44","modified_gmt":"2024-10-11T22:02:44","slug":"2024-paintings-2001","status":"publish","type":"page","link":"https:\/\/www.jaanelken.com\/?page_id=1416","title":{"rendered":"2024 Paintings 2001-2024"},"content":{"rendered":"<p>JAAN ELKEN. PAINTINGS 2001 \u2013 2024<br \/>\nViinistu Art Museum. Barrel Gallery<br \/>\n29.06. &#8211; 29.07.2024<\/p>\n<p>Jaan Elken.: <em>As an artist, I create worlds that make claims of visual comprehensiveness, with intellectual coordinates that have guided me in one way or another. I currently work with the architectonics of metaphorical landscapes that are inspired by collapsing glaciers and stone deserts, I even use outer space as a viewpoint. Aesthetics that poeticizes decay and extinction, that observes the intersection between the inside and the outside, provides me with endless opportunities to map the reality according to my own rules. It is rather about searching for visual equivalents to the inner states of mind \u2013 the search being based on the knowledge about consciousness as the so-called inner space acquired throughout the years.<\/em><\/p>\n<p><em>If you choose a high enough vantage point, details disappear, colours collapse and forms melt together. The only thing that remains is the horizon, a vertical division of up and down, conceptions of good and evil, and the great dichotomy between light and darkness. The contrasts of metropolitan airports, where the human made futuristic emptiness of the terminals is followed by a different emptiness when you hit the runway, where the rush of speeding is replaced by transcendental ascension, when you no longer can feel the speed\/space\/time in an ordinary manner \u2013 emerging above the clouds.<\/em><\/p>\n<p><em>My retrospective show has a strong thread of autobiographical elements involved, it also appeals to a more universal human experience with archetypes of landscapes. The white-gray-red \u201eStrawberry Fields Forever\u201c(2012) and \u201eMarch 25th, Snowy\u201c(2017) series refer to my early years in Siberia, where I was born in 1954 \u2013 my parents were deported by russians in 1949.<\/em><\/p>\n<p><em>I try to avoid photorealism characteristic to new age phenomena and monotonous minimalism, but rely on abstract expressionism as a starting point \u2013 but still there are at least two paintings, which combine my earlier hyperrealism with abstract surfaces \u2013 very personal \u201eLinda. Remix 2001\u201c (1980\/2001) and psychedelic \u201eLucy In The Sky With Diamonds\u201c (2001) which refers to the soviet era parallel reality. Thanks to Jaan Manitski, who has obtained \u201eLinda. Remix 2001\u201c to the museum from Bukowski`s auction house in the fall of 2023.<\/em><\/p>\n<p class=\"jetpack-slideshow-noscript robots-nocontent\">This slideshow requires JavaScript.<\/p><div id=\"gallery-1416-1-slideshow\" class=\"slideshow-window jetpack-slideshow slideshow-black\" data-trans=\"fade\" data-autostart=\"1\" data-gallery=\"[{&quot;src&quot;:&quot;https:\\\/\\\/i0.wp.com\\\/www.jaanelken.com\\\/wp-content\\\/uploads\\\/2024\\\/10\\\/LINDA.-REMIX-2001.-Oil-acrylic-canvas.-160-x-200-1980-2001-Viinistu-Art-Museum.jpg?fit=2700%2C2202\\u0026ssl=1&quot;,&quot;id&quot;:&quot;1403&quot;,&quot;title&quot;:&quot;LINDA. REMIX 2001. Oil, acrylic, canvas. 160 x 200, 1980- 2001 (Viinistu Art Museum)&quot;,&quot;alt&quot;:&quot;&quot;,&quot;caption&quot;:&quot;&quot;,&quot;itemprop&quot;:&quot;image&quot;},{&quot;src&quot;:&quot;https:\\\/\\\/i0.wp.com\\\/www.jaanelken.com\\\/wp-content\\\/uploads\\\/2024\\\/10\\\/Left-to-right-OVERFLOW.-2017-UNIVERSE-\\u2013-MASTERPLAN.-2008-LINDA.-REMIX-2001.-1980-2001-Viinistu-Art-Museum.jpg?fit=2700%2C1800\\u0026ssl=1&quot;,&quot;id&quot;:&quot;1415&quot;,&quot;title&quot;:&quot;Left to right OVERFLOW. 2017, UNIVERSE \\u2013 MASTERPLAN. 2008, LINDA. REMIX 2001. 1980-2001 (Viinistu Art Museum)&quot;,&quot;alt&quot;:&quot;&quot;,&quot;caption&quot;:&quot;&quot;,&quot;itemprop&quot;:&quot;image&quot;},{&quot;src&quot;:&quot;https:\\\/\\\/i0.wp.com\\\/www.jaanelken.com\\\/wp-content\\\/uploads\\\/2024\\\/10\\\/Left-to-right-MARCH-25th.-SNOWY.-2017-STRAWBERRY-FIELDS-FOREVER-VII.-2012-2016-LUCY-IN-THE-SKY-WITH-DIAMONDS.-2001.jpg?fit=2700%2C1800\\u0026ssl=1&quot;,&quot;id&quot;:&quot;1414&quot;,&quot;title&quot;:&quot;Left to right MARCH 25th. SNOWY. 2017, STRAWBERRY FIELDS FOREVER VII. 2012-2016, LUCY IN THE SKY WITH DIAMONDS. 2001&quot;,&quot;alt&quot;:&quot;&quot;,&quot;caption&quot;:&quot;&quot;,&quot;itemprop&quot;:&quot;image&quot;},{&quot;src&quot;:&quot;https:\\\/\\\/i0.wp.com\\\/www.jaanelken.com\\\/wp-content\\\/uploads\\\/2024\\\/10\\\/Left-to-right-LUCY-IN-THE-SKY-WITH-DIAMONDS.-2001-SUMMER-OF-1979.-2005-2022-2024.jpg?fit=2700%2C1800\\u0026ssl=1&quot;,&quot;id&quot;:&quot;1413&quot;,&quot;title&quot;:&quot;Left to right LUCY IN THE SKY WITH DIAMONDS. 2001, SUMMER OF 1979. 2005-2022-2024&quot;,&quot;alt&quot;:&quot;&quot;,&quot;caption&quot;:&quot;&quot;,&quot;itemprop&quot;:&quot;image&quot;},{&quot;src&quot;:&quot;https:\\\/\\\/i0.wp.com\\\/www.jaanelken.com\\\/wp-content\\\/uploads\\\/2024\\\/10\\\/Left-to-right-LINDA.-REMIX-2001.-1980-2001-Viinistu-Art-Museum-MARCH-25th.-SNOWY.-2017-STRAWBERRY-FIELDS-FOREVER-VII.-2012-2016.jpg?fit=2700%2C1800\\u0026ssl=1&quot;,&quot;id&quot;:&quot;1412&quot;,&quot;title&quot;:&quot;Left to right LINDA. REMIX 2001. 1980-2001 (Viinistu Art Museum), MARCH 25th. SNOWY. 2017, STRAWBERRY FIELDS FOREVER VII. 2012-2016&quot;,&quot;alt&quot;:&quot;&quot;,&quot;caption&quot;:&quot;&quot;,&quot;itemprop&quot;:&quot;image&quot;},{&quot;src&quot;:&quot;https:\\\/\\\/i0.wp.com\\\/www.jaanelken.com\\\/wp-content\\\/uploads\\\/2024\\\/10\\\/Left-to-right-UNIVERSE-\\u2013-MASTERPLAN.-2008-LINDA.-REMIX-2001.-19802001-MARCH-25th.-SNOWY.-2017.jpg?fit=2700%2C1800\\u0026ssl=1&quot;,&quot;id&quot;:&quot;1411&quot;,&quot;title&quot;:&quot;Left to right \\u0026#8211; UNIVERSE \\u2013 MASTERPLAN. 2008, LINDA. REMIX 2001. 19802001, MARCH 25th. SNOWY. 2017&quot;,&quot;alt&quot;:&quot;&quot;,&quot;caption&quot;:&quot;&quot;,&quot;itemprop&quot;:&quot;image&quot;},{&quot;src&quot;:&quot;https:\\\/\\\/i0.wp.com\\\/www.jaanelken.com\\\/wp-content\\\/uploads\\\/2024\\\/10\\\/Left-to-right-MOERO-SEPTEMBER-22ND-1944.-2023-2024-IS-THERE-ANY-OTHER-REASON-FOR-AVOIDING-2001-2019.-Above-10-VABARNA-STREET.-2004-Viinistu-Art-Museum.jpg?fit=2700%2C1800\\u0026ssl=1&quot;,&quot;id&quot;:&quot;1410&quot;,&quot;title&quot;:&quot;Left to right \\u0026#8211; MOERO, SEPTEMBER 22ND 1944. 2023-2024, IS THERE ANY OTHER REASON FOR AVOIDING 2001-2019. Above \\u0026#8211; 10 VABARNA STREET. 2004 (Viinistu Art Museum)&quot;,&quot;alt&quot;:&quot;&quot;,&quot;caption&quot;:&quot;&quot;,&quot;itemprop&quot;:&quot;image&quot;},{&quot;src&quot;:&quot;https:\\\/\\\/i0.wp.com\\\/www.jaanelken.com\\\/wp-content\\\/uploads\\\/2024\\\/10\\\/Above-10-VABARNA-STREET.-Oil-acrylic-blanket.-160-x-200.-2004-Viinistu-Art-Museum.jpg?fit=2700%2C1800\\u0026ssl=1&quot;,&quot;id&quot;:&quot;1405&quot;,&quot;title&quot;:&quot;Above 10 VABARNA STREET. Oil, acrylic, blanket. 160 x 200. 2004 (Viinistu Art Museum)&quot;,&quot;alt&quot;:&quot;&quot;,&quot;caption&quot;:&quot;&quot;,&quot;itemprop&quot;:&quot;image&quot;},{&quot;src&quot;:&quot;https:\\\/\\\/i0.wp.com\\\/www.jaanelken.com\\\/wp-content\\\/uploads\\\/2024\\\/10\\\/Left-to-right-JESUS-CHRIST-SUPERSTAR-XI.-2012-JESUS-CHRIST-SUPERSTAR-XV.-2012-POEM-FOR-MATTRESS-II.-1999-2008.jpg?fit=2700%2C1800\\u0026ssl=1&quot;,&quot;id&quot;:&quot;1409&quot;,&quot;title&quot;:&quot;Left to right \\u0026#8211; JESUS CHRIST SUPERSTAR XI. 2012, JESUS CHRIST SUPERSTAR XV. 2012, POEM FOR MATTRESS II. 1999-2008&quot;,&quot;alt&quot;:&quot;&quot;,&quot;caption&quot;:&quot;&quot;,&quot;itemprop&quot;:&quot;image&quot;},{&quot;src&quot;:&quot;https:\\\/\\\/i0.wp.com\\\/www.jaanelken.com\\\/wp-content\\\/uploads\\\/2024\\\/10\\\/Left-to-right-IS-THERE-ANY-OTHER-REASON-FOR-AVOIDING-2001-2019.-ABYSS-II.-2018-2019.-TURQUOISE-AND-ICE.-2020-2022.jpg?fit=2700%2C1800\\u0026ssl=1&quot;,&quot;id&quot;:&quot;1408&quot;,&quot;title&quot;:&quot;Left to right \\u0026#8211; IS THERE ANY OTHER REASON FOR AVOIDING 2001-2019. ABYSS II. 2018-2019. TURQUOISE AND ICE. 2020-2022&quot;,&quot;alt&quot;:&quot;&quot;,&quot;caption&quot;:&quot;&quot;,&quot;itemprop&quot;:&quot;image&quot;},{&quot;src&quot;:&quot;https:\\\/\\\/i0.wp.com\\\/www.jaanelken.com\\\/wp-content\\\/uploads\\\/2024\\\/10\\\/Left-to-right-ATLANTIC-CROSSING.-2022-2024-JESUS-CHRIST-SUPERSTAR-XI.-2012-JESUS-CHRIST-SUPERSTAR-XV.-2012.jpg?fit=2700%2C1800\\u0026ssl=1&quot;,&quot;id&quot;:&quot;1407&quot;,&quot;title&quot;:&quot;Left to right \\u0026#8211; ATLANTIC CROSSING. 2022-2024, JESUS CHRIST SUPERSTAR XI. 2012, JESUS CHRIST SUPERSTAR XV. 2012.&quot;,&quot;alt&quot;:&quot;&quot;,&quot;caption&quot;:&quot;&quot;,&quot;itemprop&quot;:&quot;image&quot;},{&quot;src&quot;:&quot;https:\\\/\\\/i0.wp.com\\\/www.jaanelken.com\\\/wp-content\\\/uploads\\\/2024\\\/10\\\/JESUS-CHRIST-SUPERSTAR-XV.-2012-POEM-FOR-MATTRESS-II.-1999-2008-MOERO-SEPTEMBER-22ND-1944.-2023-2024.jpg?fit=2700%2C1800\\u0026ssl=1&quot;,&quot;id&quot;:&quot;1406&quot;,&quot;title&quot;:&quot;JESUS CHRIST SUPERSTAR XV. 2012, POEM FOR MATTRESS II. 1999-2008, MOERO, SEPTEMBER 22ND 1944. 2023-2024&quot;,&quot;alt&quot;:&quot;&quot;,&quot;caption&quot;:&quot;&quot;,&quot;itemprop&quot;:&quot;image&quot;},{&quot;src&quot;:&quot;https:\\\/\\\/i0.wp.com\\\/www.jaanelken.com\\\/wp-content\\\/uploads\\\/2024\\\/10\\\/MOERO-SEPTEMBER-22ND-1944.-Acrylic-collage-canvas.-195-x-300-cm.-2023-2024-Viinistu-Art-Museum.jpg?fit=8256%2C5504\\u0026ssl=1&quot;,&quot;id&quot;:&quot;1404&quot;,&quot;title&quot;:&quot;MOERO, SEPTEMBER 22ND 1944. Acrylic, collage, canvas. 195 x 300 cm. 2023-2024 (Viinistu Art Museum)&quot;,&quot;alt&quot;:&quot;&quot;,&quot;caption&quot;:&quot;&quot;,&quot;itemprop&quot;:&quot;image&quot;},{&quot;src&quot;:&quot;https:\\\/\\\/i0.wp.com\\\/www.jaanelken.com\\\/wp-content\\\/uploads\\\/2024\\\/10\\\/Left-to-right-TURQUOISE-AND-ICE.-2020-2022-ATLANTIC-CROSSING.-2022-2024.-Above-10-VABARNA-STREET.-2004-Viinistu-Art-Museum.jpg?fit=2700%2C1800\\u0026ssl=1&quot;,&quot;id&quot;:&quot;1402&quot;,&quot;title&quot;:&quot;Left to right TURQUOISE AND ICE. 2020-2022, ATLANTIC CROSSING. 2022-2024. Above 10 VABARNA STREET. 2004 (Viinistu Art Museum)&quot;,&quot;alt&quot;:&quot;&quot;,&quot;caption&quot;:&quot;&quot;,&quot;itemprop&quot;:&quot;image&quot;},{&quot;src&quot;:&quot;https:\\\/\\\/i0.wp.com\\\/www.jaanelken.com\\\/wp-content\\\/uploads\\\/2024\\\/10\\\/Left-to-right-SUMMER-OF-1979.-2005-2022-2024-OVERFLOW.-2017.jpg?fit=2700%2C1800\\u0026ssl=1&quot;,&quot;id&quot;:&quot;1401&quot;,&quot;title&quot;:&quot;Left to right SUMMER OF 1979. 2005-2022-2024, OVERFLOW. 2017&quot;,&quot;alt&quot;:&quot;&quot;,&quot;caption&quot;:&quot;&quot;,&quot;itemprop&quot;:&quot;image&quot;},{&quot;src&quot;:&quot;https:\\\/\\\/i0.wp.com\\\/www.jaanelken.com\\\/wp-content\\\/uploads\\\/2024\\\/10\\\/Left-to-right-SUMMER-OF-1979.-2005-2022-2024-OVERFLOW.-2017-UNIVERSE-\\u2013-MASTERPLAN.-2008.jpg?fit=2700%2C1800\\u0026ssl=1&quot;,&quot;id&quot;:&quot;1400&quot;,&quot;title&quot;:&quot;Left to right SUMMER OF 1979. 2005-2022-2024, OVERFLOW. 2017, UNIVERSE \\u2013 MASTERPLAN. 2008&quot;,&quot;alt&quot;:&quot;&quot;,&quot;caption&quot;:&quot;&quot;,&quot;itemprop&quot;:&quot;image&quot;},{&quot;src&quot;:&quot;https:\\\/\\\/i0.wp.com\\\/www.jaanelken.com\\\/wp-content\\\/uploads\\\/2024\\\/10\\\/Left-to-right-SUMMER-OF-1979.-2005-2022-2024-OVERFLOW.-2017-UNIVERSE-\\u2013-MASTERPLAN.-2008-LINDA.-REMIX-2001.jpg?fit=2700%2C1800\\u0026ssl=1&quot;,&quot;id&quot;:&quot;1399&quot;,&quot;title&quot;:&quot;Left to right SUMMER OF 1979. 2005-2022-2024, OVERFLOW. 2017, UNIVERSE \\u2013 MASTERPLAN. 2008, LINDA. REMIX 2001&quot;,&quot;alt&quot;:&quot;&quot;,&quot;caption&quot;:&quot;&quot;,&quot;itemprop&quot;:&quot;image&quot;},{&quot;src&quot;:&quot;https:\\\/\\\/i0.wp.com\\\/www.jaanelken.com\\\/wp-content\\\/uploads\\\/2024\\\/10\\\/Left-to-right-STRAWBERRY-FIELDS-FOREVER-VII.-2012-2016-LUCY-IN-THE-SKY-WITH-DIAMONDS.-2001.jpg?fit=2700%2C1800\\u0026ssl=1&quot;,&quot;id&quot;:&quot;1398&quot;,&quot;title&quot;:&quot;Left to right STRAWBERRY FIELDS FOREVER VII. 2012-2016, LUCY IN THE SKY WITH DIAMONDS. 2001&quot;,&quot;alt&quot;:&quot;&quot;,&quot;caption&quot;:&quot;&quot;,&quot;itemprop&quot;:&quot;image&quot;}]\" itemscope itemtype=\"https:\/\/schema.org\/ImageGallery\"><\/div>\n<p>&nbsp;<\/p>\n<p><strong>List of paintings<\/strong><\/p>\n<ul>\n<li>MOERO, 22. SEPTEMBER 1944. Acrylic, collage, canvas. 195 x 300 cm. 2024. (Viinistu Art Museum)<\/li>\n<li>IS THERE ANY OTHER REASON FOR AVOIDING? Acrylic, collage, canvas. 160 x 200 cm. 2001\/2019<\/li>\n<li>ABYSS II. Acrylic, collage, canvas. 200 x160 cm. 2018\/2019<\/li>\n<li>TURQUOISE AND ICE. Acrylic, collage, canvas. 200 x160 cm. 2020-2022<\/li>\n<li>10 VABARNA STREET. Oil, acrylic, blanket 160 x 200. 2004. (Viinistu Art Museum)<\/li>\n<li>ATLANTIC CROSSING. Acrylic, collage, canvas. 160 x 200 cm. 2022 \/ 2024<\/li>\n<li>JESUS CHRIST SUPERSTAR XI. Acrylic, collage, canvas, 200 x 160. 2012<\/li>\n<li>JESUS CHRIST SUPERSTAR XV. Acrylic, collage, canvas, 200 x 160. 2012<\/li>\n<li>POEM FOR MATTRESS II. Acrylic, collage, canvas. 200 x 160. 1999\/2008<\/li>\n<li>MARCH 25th. SNOWY. Acrylic, collage, canvas. 160 x 200. 2017<\/li>\n<li>UNIVERSE \u2013 MASTERPLAN. Acrylic, collage, canvas. 2008<\/li>\n<li>LINDA. REMIX 2001. Oil, acrylic, canvas. 160 x 200. 1980\/2001 ( Viinistu Art Museum)<\/li>\n<li>STRAWBERRY FIELDS FOREVER VII. Acrylic, collage, canvas. 160 x 200. 2012\/2016<\/li>\n<li>LUCY IN THE SKY WITH DIAMONDS. Oil, acrylic, ready made, canvas. 160 x 200. 2001<\/li>\n<li>SUMMER OF 1979. Acrylic, collage, canvas. 160 x 200. 2005-2022\/2024<\/li>\n<li>OVERFLOW. Acrylic, collage, canvas. 160 x 200. 2017<\/li>\n<\/ul>\n<p><strong>Media coverage (in Estonian):\u00a0<\/strong><\/p>\n<ul>\n<li>NOBA: <a href=\"https:\/\/noba.ac\/et\/naitus\/jaan-elken-maalid-2001-2024\/\">JAAN ELKEN. MAALID 2001 \u2013 2024<\/a><\/li>\n<li>NOBA: <a href=\"https:\/\/noba.ac\/et\/fotoreportaaz-viinistu-tunnigaleriides-avati-jaan-elken-naitus-maalid-2001-2024\/\">Fotoreportaa\u017e Viinistu T\u00fcnnigaleriides avatud Jaan Elkeni n\u00e4ituselt \u201eMaalid 2001-2024\u201c<\/a><\/li>\n<\/ul>\n","protected":false},"excerpt":{"rendered":"<p>JAAN ELKEN. PAINTINGS 2001 \u2013 2024 Viinistu Art Museum. Barrel Gallery 29.06. &#8211; 29.07.2024 Jaan Elken.: As an artist, I create worlds that make claims of visual comprehensiveness, with intellectual coordinates that have guided me in one way or another. I currently work with the architectonics of metaphorical landscapes that are inspired by collapsing glaciers &#8230; <a class=\"read-more\" href=\"https:\/\/www.jaanelken.com\/?page_id=1416\">Read more&#8230;<\/a><\/p>\n","protected":false},"author":1,"featured_media":0,"parent":68,"menu_order":0,"comment_status":"closed","ping_status":"closed","template":"","meta":{"spay_email":"","footnotes":""},"class_list":["post-1416","page","type-page","status-publish"],"jetpack_sharing_enabled":true,"jetpack_shortlink":"https:\/\/wp.me\/P5v8P2-mQ","_links":{"self":[{"href":"https:\/\/www.jaanelken.com\/index.php?rest_route=\/wp\/v2\/pages\/1416"}],"collection":[{"href":"https:\/\/www.jaanelken.com\/index.php?rest_route=\/wp\/v2\/pages"}],"about":[{"href":"https:\/\/www.jaanelken.com\/index.php?rest_route=\/wp\/v2\/types\/page"}],"author":[{"embeddable":true,"href":"https:\/\/www.jaanelken.com\/index.php?rest_route=\/wp\/v2\/users\/1"}],"replies":[{"embeddable":true,"href":"https:\/\/www.jaanelken.com\/index.php?rest_route=%2Fwp%2Fv2%2Fcomments&post=1416"}],"version-history":[{"count":3,"href":"https:\/\/www.jaanelken.com\/index.php?rest_route=\/wp\/v2\/pages\/1416\/revisions"}],"predecessor-version":[{"id":1425,"href":"https:\/\/www.jaanelken.com\/index.php?rest_route=\/wp\/v2\/pages\/1416\/revisions\/1425"}],"up":[{"embeddable":true,"href":"https:\/\/www.jaanelken.com\/index.php?rest_route=\/wp\/v2\/pages\/68"}],"wp:attachment":[{"href":"https:\/\/www.jaanelken.com\/index.php?rest_route=%2Fwp%2Fv2%2Fmedia&parent=1416"}],"curies":[{"name":"wp","href":"https:\/\/api.w.org\/{rel}","templated":true}]}}