{"id":1219,"date":"2024-09-08T12:52:26","date_gmt":"2024-09-08T09:52:26","guid":{"rendered":"http:\/\/www.jaanelken.com\/?page_id=1219"},"modified":"2024-10-12T01:00:15","modified_gmt":"2024-10-11T22:00:15","slug":"on-the-road-teel","status":"publish","type":"page","link":"https:\/\/www.jaanelken.com\/?page_id=1219","title":{"rendered":"On the Road \/ Teel"},"content":{"rendered":"\r\n<p><strong>Vabaduse Gallery, Tallinn<\/strong><\/p>\r\n\r\n\r\n\r\n<p><strong>26.04.\u201322.05.2024<\/strong><\/p>\r\n\r\n\r\n\r\n<p>Jaan Elken: \u201cThe exhibition <em>On the Road<\/em> is a continuation of the direction of epic landscape paintings that were exhibited at the twin exhibition <em>Heaven and Earth<\/em> in 2019 at Hobusepea and Draakoni galleries. As an artist, I am on the road, both figuratively and literally. The surface of a painting in a pasty style and made with an open hand, can reveal as much as lines written in a confessional diary. Artist\u2019s thoughts and somersaults with physical paint make a very sensitive material, which for me classifies painting as the most interesting form of art. The dramas (staged or not over-paintings) and other private layers on the surfaces of an expressive painter\u2019s canvas are protected by the audience\u2019s illiteracy. Titles don\u2019t help here either \u2013 you don\u2019t believe the spells of car brand names either, do you?<\/p>\r\n\r\n\r\n\r\n<p>In January 2024, a couple of my large-format works were exhibited at the Allee Gallery, their point of view was from a drone or even from interplanetary space. At Vabaduse Gallery\u2019s exhibition I have taken the liberty to move along the timeline as well. This is for example, with the work depicting the Red Cross transport ship Moero, which was sunk by the invading Red Army in the fall of 1944 \u2013 the tragedy that took thousands of war refugees to the bottom of the sea is something I heard from my parents when I was a child. I have lived in Lasnam\u00e4e for a long time and russified Tallinn has repeatedly found its way into my work \u2013 when in 1984 I painted a sunset in the metaphysical tunnel of Lasnam\u00e4e, then now I have oriented the then three-meter long panoramic view to the east, to the year 3024. I have been inspired by crumbling stone deserts also before. In the poetics of decay, in the search for common ground between the inner and the outer, nature always emerges as the winner, there is no doubt about that.<\/p>\r\n\r\n\r\n\r\n<p>According to Western traditions, the universe consists of four archetypes: earth, air, water, fire. When I noticed that everything I\u2019m currently working on in painting \u2013 from volcanic eruptions (or genesis) to apocalyptic Armageddon \u2013 was classified under these resonant and comprehensive concepts, it gave me confidence that I was on the right track. And I don\u2019t have to choose between nature and artificial, because everything is nature, or according to quantum physics \u2013 everything is essentially virtual reality, particles wandering in intricately arranged energy fields. In my paintings, I have given up specific, chopped up notes (objects), and sounds (tonalities) have become fluid, mixed colors and complicated chords have returned.\u201d<\/p>\r\n<p class=\"jetpack-slideshow-noscript robots-nocontent\">This slideshow requires JavaScript.<\/p><div id=\"gallery-1219-1-slideshow\" class=\"slideshow-window jetpack-slideshow slideshow-black\" data-trans=\"fade\" data-autostart=\"1\" data-gallery=\"[{&quot;src&quot;:&quot;https:\\\/\\\/i0.wp.com\\\/www.jaanelken.com\\\/wp-content\\\/uploads\\\/2024\\\/09\\\/DSE0283-t-vaike.jpg?fit=2700%2C1767\\u0026ssl=1&quot;,&quot;id&quot;:&quot;1337&quot;,&quot;title&quot;:&quot;_DSE0283 t vaike&quot;,&quot;alt&quot;:&quot;&quot;,&quot;caption&quot;:&quot;&quot;,&quot;itemprop&quot;:&quot;image&quot;},{&quot;src&quot;:&quot;https:\\\/\\\/i0.wp.com\\\/www.jaanelken.com\\\/wp-content\\\/uploads\\\/2024\\\/09\\\/DSE0248-vaike.jpg?fit=2700%2C1661\\u0026ssl=1&quot;,&quot;id&quot;:&quot;1336&quot;,&quot;title&quot;:&quot;_DSE0248 vaike&quot;,&quot;alt&quot;:&quot;&quot;,&quot;caption&quot;:&quot;&quot;,&quot;itemprop&quot;:&quot;image&quot;},{&quot;src&quot;:&quot;https:\\\/\\\/i0.wp.com\\\/www.jaanelken.com\\\/wp-content\\\/uploads\\\/2024\\\/09\\\/MOERO-SEPTEMBER-22ND-1944.-Acrylic-collage-canvas.-195-x-300-cm.-2023-2024.jpg?fit=2700%2C1759\\u0026ssl=1&quot;,&quot;id&quot;:&quot;1344&quot;,&quot;title&quot;:&quot;MOERO, SEPTEMBER 22ND 1944. Acrylic, collage, canvas. 195 x 300 cm. 2023- 2024&quot;,&quot;alt&quot;:&quot;&quot;,&quot;caption&quot;:&quot;&quot;,&quot;itemprop&quot;:&quot;image&quot;},{&quot;src&quot;:&quot;https:\\\/\\\/i0.wp.com\\\/www.jaanelken.com\\\/wp-content\\\/uploads\\\/2024\\\/09\\\/PAINT-IT-BLACK-II.-Acrylic-collage-canvas.-120-x-150-cm.-2023-2024.jpg?fit=2700%2C2153\\u0026ssl=1&quot;,&quot;id&quot;:&quot;1345&quot;,&quot;title&quot;:&quot;PAINT IT BLACK II. Acrylic, collage, canvas. 120 x 150 cm. 2023 \\u0026#8211; 2024&quot;,&quot;alt&quot;:&quot;&quot;,&quot;caption&quot;:&quot;&quot;,&quot;itemprop&quot;:&quot;image&quot;},{&quot;src&quot;:&quot;https:\\\/\\\/i0.wp.com\\\/www.jaanelken.com\\\/wp-content\\\/uploads\\\/2024\\\/09\\\/DSE0231-vaike.jpg?fit=2700%2C1661\\u0026ssl=1&quot;,&quot;id&quot;:&quot;1335&quot;,&quot;title&quot;:&quot;_DSE0231 vaike&quot;,&quot;alt&quot;:&quot;&quot;,&quot;caption&quot;:&quot;&quot;,&quot;itemprop&quot;:&quot;image&quot;},{&quot;src&quot;:&quot;https:\\\/\\\/i0.wp.com\\\/www.jaanelken.com\\\/wp-content\\\/uploads\\\/2024\\\/09\\\/ATLANTIC-CROSSING.-Acrylic-collage-canvas.-160-x-200-cm.-2022-2024.jpg?fit=2700%2C2181\\u0026ssl=1&quot;,&quot;id&quot;:&quot;1342&quot;,&quot;title&quot;:&quot;ATLANTIC CROSSING. Acrylic, collage, canvas. 160 x 200 cm. 2022 \\u0026#8211; 2024&quot;,&quot;alt&quot;:&quot;&quot;,&quot;caption&quot;:&quot;&quot;,&quot;itemprop&quot;:&quot;image&quot;},{&quot;src&quot;:&quot;https:\\\/\\\/i0.wp.com\\\/www.jaanelken.com\\\/wp-content\\\/uploads\\\/2024\\\/09\\\/PAINT-IT-BLACK.-Acrylic-collage-canvas.-120-x-150-cm.-2023-2024.jpg?fit=2700%2C2159\\u0026ssl=1&quot;,&quot;id&quot;:&quot;1346&quot;,&quot;title&quot;:&quot;PAINT IT BLACK. Acrylic, collage, canvas. 120 x 150 cm. 2023 \\u0026#8211; 2024&quot;,&quot;alt&quot;:&quot;&quot;,&quot;caption&quot;:&quot;&quot;,&quot;itemprop&quot;:&quot;image&quot;},{&quot;src&quot;:&quot;https:\\\/\\\/i0.wp.com\\\/www.jaanelken.com\\\/wp-content\\\/uploads\\\/2024\\\/09\\\/DSE0040-vaike.jpg?fit=2700%2C1661\\u0026ssl=1&quot;,&quot;id&quot;:&quot;1331&quot;,&quot;title&quot;:&quot;_DSE0040 vaike&quot;,&quot;alt&quot;:&quot;&quot;,&quot;caption&quot;:&quot;&quot;,&quot;itemprop&quot;:&quot;image&quot;},{&quot;src&quot;:&quot;https:\\\/\\\/i0.wp.com\\\/www.jaanelken.com\\\/wp-content\\\/uploads\\\/2024\\\/09\\\/BRIDGE-OVER-TROUBLED-WATER.-Acrylic-collage-canvas.-195-x-300-cm.-2023-2024.jpg?fit=2700%2C1777\\u0026ssl=1&quot;,&quot;id&quot;:&quot;1343&quot;,&quot;title&quot;:&quot;BRIDGE OVER TROUBLED WATER. Acrylic, collage, canvas. 195 x 300 cm. 2023 \\u0026#8211; 2024&quot;,&quot;alt&quot;:&quot;&quot;,&quot;caption&quot;:&quot;&quot;,&quot;itemprop&quot;:&quot;image&quot;},{&quot;src&quot;:&quot;https:\\\/\\\/i0.wp.com\\\/www.jaanelken.com\\\/wp-content\\\/uploads\\\/2024\\\/09\\\/DSE0223-vaike.jpg?fit=2700%2C1661\\u0026ssl=1&quot;,&quot;id&quot;:&quot;1334&quot;,&quot;title&quot;:&quot;_DSE0223 vaike&quot;,&quot;alt&quot;:&quot;&quot;,&quot;caption&quot;:&quot;&quot;,&quot;itemprop&quot;:&quot;image&quot;},{&quot;src&quot;:&quot;https:\\\/\\\/i0.wp.com\\\/www.jaanelken.com\\\/wp-content\\\/uploads\\\/2024\\\/09\\\/DSE0046-vaike.jpg?fit=2700%2C1661\\u0026ssl=1&quot;,&quot;id&quot;:&quot;1332&quot;,&quot;title&quot;:&quot;_DSE0046 vaike&quot;,&quot;alt&quot;:&quot;&quot;,&quot;caption&quot;:&quot;&quot;,&quot;itemprop&quot;:&quot;image&quot;},{&quot;src&quot;:&quot;https:\\\/\\\/i0.wp.com\\\/www.jaanelken.com\\\/wp-content\\\/uploads\\\/2024\\\/09\\\/REMAINS-OF-THE-EMPIRE.-Acrylic-collage-canvas.-120-x-150-cm.-2023-2024.jpg?fit=2700%2C2290\\u0026ssl=1&quot;,&quot;id&quot;:&quot;1347&quot;,&quot;title&quot;:&quot;REMAINS OF THE EMPIRE. Acrylic, collage, canvas. 120 x 150 cm. 2023- 2024&quot;,&quot;alt&quot;:&quot;&quot;,&quot;caption&quot;:&quot;&quot;,&quot;itemprop&quot;:&quot;image&quot;},{&quot;src&quot;:&quot;https:\\\/\\\/i0.wp.com\\\/www.jaanelken.com\\\/wp-content\\\/uploads\\\/2024\\\/09\\\/DSE0212-f-vaike.jpg?fit=2700%2C1661\\u0026ssl=1&quot;,&quot;id&quot;:&quot;1333&quot;,&quot;title&quot;:&quot;_DSE0212 f vaike&quot;,&quot;alt&quot;:&quot;&quot;,&quot;caption&quot;:&quot;&quot;,&quot;itemprop&quot;:&quot;image&quot;}]\" itemscope itemtype=\"https:\/\/schema.org\/ImageGallery\"><\/div>\r\n<p><strong>List of paintings:<\/strong><\/p>\r\n<div class=\"wp-block-group\">\r\n\r\n\r\n<ul class=\"wp-block-list\">\r\n<li>MOERO, SEPTEMBER 22ND 1944. Acrylic, collage, canvas. 195 x 300 cm. 2023 \/ 2024<\/li>\r\n<li>PAINT IT BLACK. Acrylic, collage, canvas. 120 x 150 cm. 2023 \/ 2024<\/li>\r\n<li>BRIDGE OVER TROUBLED WATER. Acrylic, collage, canvas. 195 x 300 cm. 2023 \/ 2024<\/li>\r\n<li>PAINT IT BLACK II. Acrylic, collage, canvas. 120 x 150 cm. 2023 \/ 2024<\/li>\r\n<li>REMAINS OF THE EMPIRE. Acrylic, collage, canvas. 120 x 150 cm. 2023 \/ 2024<\/li>\r\n<li>ATLANTIC CROSSING. Acrylic, collage, canvas. 160 x 200 cm. 2022 \/ 2024<\/li>\r\n<\/ul>\r\n<p><strong>Media coverage (in Estonian):\u00a0<\/strong><\/p>\r\n<ul>\r\n<li><a href=\"https:\/\/kultuur.postimees.ee\/8056181\/intervjuu-jaan-elken-kunstnikuametist-pensionile-ei-minda\">Interview in Postimees: &#8220;Kunstnikuametist pensionile ei minda&#8221;<\/a><\/li>\r\n<li><a href=\"https:\/\/kultuur.err.ee\/1609358607\/jaan-elken-elame-sellisel-ajal-mil-ajaloo-meeldetuletamist-pole-liiast\">ERR: Jaan Elken: elame sellisel ajal, mil ajaloo meeldetuletamist pole liiast<\/a><\/li>\r\n<li><a href=\"https:\/\/kultuur.postimees.ee\/8033435\/paint-it-black-maalilegend-lasi-uuel-naitusel-rocki-varvidel-louendil-mollata?\">Postimees: PAINT IT BLACK! \u27e9 Maalilegend lasi uuel n\u00e4itusel rocki-v\u00e4rvidel l\u00f5uendil m\u00f6llata<\/a><\/li>\r\n<li>Interview Vikerraadio:\u00a0<a href=\"https:\/\/vikerraadio.err.ee\/1609340051\/kajalood\" target=\"_blank\" rel=\"noopener\" data-saferedirecturl=\"https:\/\/www.google.com\/url?q=https:\/\/vikerraadio.err.ee\/1609340051\/kajalood&amp;source=gmail&amp;ust=1728769771712000&amp;usg=AOvVaw2EYhI5pgll0wifFwbcW3CU\">https:\/\/vikerraadio.err.ee\/<wbr \/>1609340051\/kajalood<\/a><\/li>\r\n<\/ul>\r\n<\/div>\r\n<!-- \/wp:group -->","protected":false},"excerpt":{"rendered":"<p>Vabaduse Gallery, Tallinn 26.04.\u201322.05.2024 Jaan Elken: \u201cThe exhibition On the Road is a continuation of the direction of epic landscape paintings that were exhibited at the twin exhibition Heaven and Earth in 2019 at Hobusepea and Draakoni galleries. As an artist, I am on the road, both figuratively and literally. The surface of a painting &#8230; <a class=\"read-more\" href=\"https:\/\/www.jaanelken.com\/?page_id=1219\">Read more&#8230;<\/a><\/p>\n","protected":false},"author":1,"featured_media":0,"parent":68,"menu_order":0,"comment_status":"closed","ping_status":"closed","template":"","meta":{"spay_email":"","footnotes":""},"class_list":["post-1219","page","type-page","status-publish"],"jetpack_sharing_enabled":true,"jetpack_shortlink":"https:\/\/wp.me\/P5v8P2-jF","_links":{"self":[{"href":"https:\/\/www.jaanelken.com\/index.php?rest_route=\/wp\/v2\/pages\/1219"}],"collection":[{"href":"https:\/\/www.jaanelken.com\/index.php?rest_route=\/wp\/v2\/pages"}],"about":[{"href":"https:\/\/www.jaanelken.com\/index.php?rest_route=\/wp\/v2\/types\/page"}],"author":[{"embeddable":true,"href":"https:\/\/www.jaanelken.com\/index.php?rest_route=\/wp\/v2\/users\/1"}],"replies":[{"embeddable":true,"href":"https:\/\/www.jaanelken.com\/index.php?rest_route=%2Fwp%2Fv2%2Fcomments&post=1219"}],"version-history":[{"count":20,"href":"https:\/\/www.jaanelken.com\/index.php?rest_route=\/wp\/v2\/pages\/1219\/revisions"}],"predecessor-version":[{"id":1423,"href":"https:\/\/www.jaanelken.com\/index.php?rest_route=\/wp\/v2\/pages\/1219\/revisions\/1423"}],"up":[{"embeddable":true,"href":"https:\/\/www.jaanelken.com\/index.php?rest_route=\/wp\/v2\/pages\/68"}],"wp:attachment":[{"href":"https:\/\/www.jaanelken.com\/index.php?rest_route=%2Fwp%2Fv2%2Fmedia&parent=1219"}],"curies":[{"name":"wp","href":"https:\/\/api.w.org\/{rel}","templated":true}]}}